{"id":5358,"date":"2020-11-27T20:04:43","date_gmt":"2020-11-27T20:04:43","guid":{"rendered":"https:\/\/nkn.nknx.org\/?page_id=5358"},"modified":"2020-11-27T20:12:52","modified_gmt":"2020-11-27T20:12:52","slug":"ein-klick-loesungen","status":"publish","type":"page","link":"https:\/\/nkn.org\/de\/ueber\/mining-ressourcen\/ein-klick-loesungen\/","title":{"rendered":"Ein-Klick-L\u00f6sungen"},"content":{"rendered":"\t\t<div data-elementor-type=\"wp-page\" data-elementor-id=\"5358\" class=\"elementor elementor-5358 elementor-3060\">\n\t\t\t\t\t\t<section class=\"elementor-section elementor-top-section elementor-element elementor-element-b96f6bc elementor-section-boxed elementor-section-height-default elementor-section-height-default\" data-id=\"b96f6bc\" data-element_type=\"section\">\n\t\t\t\t\t\t<div class=\"elementor-container elementor-column-gap-default\">\n\t\t\t\t\t<div class=\"elementor-column elementor-col-100 elementor-top-column elementor-element elementor-element-37648da\" data-id=\"37648da\" data-element_type=\"column\">\n\t\t\t<div class=\"elementor-widget-wrap elementor-element-populated\">\n\t\t\t\t\t\t<div class=\"elementor-element elementor-element-13699f3 elementor-widget elementor-widget-section_title\" data-id=\"13699f3\" data-element_type=\"widget\" data-widget_type=\"section_title.default\">\n\t\t\t\t<div class=\"elementor-widget-container\">\n\t\t\t\n<div class=\"text-left iq-title-box iq-title-default iq-title-box-2\">\n\t<div class=\"iq-title-icon\">\n\t\t\t<\/div>\n\t\n\t<h2 class=\"iq-title\" >\n\t\tDer einfache Weg, um einen NKN-Knoten zu erstellen\t<\/h2>\n\t\t\n\t<\/div>\n\n\t\t<\/div>\n\t\t\t\t<\/div>\n\t\t\t\t<div class=\"elementor-element elementor-element-42e152c elementor-widget elementor-widget-text-editor\" data-id=\"42e152c\" data-element_type=\"widget\" data-widget_type=\"text-editor.default\">\n\t\t\t\t<div class=\"elementor-widget-container\">\n\t\t\t\t\t\t\tWir m\u00f6chten allen die M\u00f6glichkeit geben, am NKN-Projekt teilzunehmen. Aus diesem Grund denken wir, dass die Installation eines Knotens auch f\u00fcr technisch nicht versierte Personen einfach sein sollte. Sowohl wir als auch unsere Community haben hart an diesem Ziel gearbeitet. Daher kannst du sogar zwischen zwei Optionen w\u00e4hlen.\n\t\t\t\t\t\t<\/div>\n\t\t\t\t<\/div>\n\t\t\t\t<section class=\"elementor-section elementor-inner-section elementor-element elementor-element-dedec53 elementor-section-boxed elementor-section-height-default elementor-section-height-default\" data-id=\"dedec53\" data-element_type=\"section\">\n\t\t\t\t\t\t<div class=\"elementor-container elementor-column-gap-default\">\n\t\t\t\t\t<div class=\"elementor-column elementor-col-50 elementor-inner-column elementor-element elementor-element-1f7396d\" data-id=\"1f7396d\" data-element_type=\"column\">\n\t\t\t<div class=\"elementor-widget-wrap elementor-element-populated\">\n\t\t\t\t\t\t<div class=\"elementor-element elementor-element-5d61e51 elementor-widget elementor-widget-heading\" data-id=\"5d61e51\" data-element_type=\"widget\" data-widget_type=\"heading.default\">\n\t\t\t\t<div class=\"elementor-widget-container\">\n\t\t\t<h4 class=\"elementor-heading-title elementor-size-default\">Option 1:  <\/h4>\t\t<\/div>\n\t\t\t\t<\/div>\n\t\t\t\t<div class=\"elementor-element elementor-element-a487ce3 elementor-widget elementor-widget-heading\" data-id=\"a487ce3\" data-element_type=\"widget\" data-widget_type=\"heading.default\">\n\t\t\t\t<div class=\"elementor-widget-container\">\n\t\t\t<h4 class=\"elementor-heading-title elementor-size-default\">Vorgefertigte Knoten bei VPS-Anbietern\n<\/h4>\t\t<\/div>\n\t\t\t\t<\/div>\n\t\t\t\t<div class=\"elementor-element elementor-element-10b27fa elementor-widget elementor-widget-text-editor\" data-id=\"10b27fa\" data-element_type=\"widget\" data-widget_type=\"text-editor.default\">\n\t\t\t\t<div class=\"elementor-widget-container\">\n\t\t\t\t\t\t\t<p>Vorgefertigte NKN-Knoten sind bereits bei den gr\u00f6\u00dften VPS-Anbietern verf\u00fcgbar. Erstelle einfach ein Konto bei AWS, Google Cloud oder DigitalOcean und besuche den jeweiligen App-Marktplatz. Von dort aus kannst du ganz einfach einen kleinen Server erstellen, auf dem NKN ausgef\u00fchrt wird!<br \/>Hier sind die direkten Links zu verf\u00fcgbaren App-Marktplatzeintr\u00e4gen:<\/p>\t\t\t\t\t\t<\/div>\n\t\t\t\t<\/div>\n\t\t\t\t\t<\/div>\n\t\t<\/div>\n\t\t\t\t<div class=\"elementor-column elementor-col-50 elementor-inner-column elementor-element elementor-element-cdb23e1\" data-id=\"cdb23e1\" data-element_type=\"column\">\n\t\t\t<div class=\"elementor-widget-wrap elementor-element-populated\">\n\t\t\t\t\t\t<div class=\"elementor-element elementor-element-9712580 elementor-widget elementor-widget-heading\" data-id=\"9712580\" data-element_type=\"widget\" data-widget_type=\"heading.default\">\n\t\t\t\t<div class=\"elementor-widget-container\">\n\t\t\t<h4 class=\"elementor-heading-title elementor-size-default\">Option 2:<\/h4>\t\t<\/div>\n\t\t\t\t<\/div>\n\t\t\t\t<div class=\"elementor-element elementor-element-38b368c elementor-widget elementor-widget-heading\" data-id=\"38b368c\" data-element_type=\"widget\" data-widget_type=\"heading.default\">\n\t\t\t\t<div class=\"elementor-widget-container\">\n\t\t\t<h4 class=\"elementor-heading-title elementor-size-default\">NKNx FastDeploy<\/h4>\t\t<\/div>\n\t\t\t\t<\/div>\n\t\t\t\t<div class=\"elementor-element elementor-element-2609281 elementor-widget elementor-widget-text-editor\" data-id=\"2609281\" data-element_type=\"widget\" data-widget_type=\"text-editor.default\">\n\t\t\t\t<div class=\"elementor-widget-container\">\n\t\t\t\t\t\t\t<p>Eines unserer beliebtesten Community-Projekte bietet auch eine kinderleichte M\u00f6glichkeit, deinen Knoten zu erstellen: NKNx FastDeploy!<br \/>Direkt vom Node Manager aus kannst du entweder deinen VPS-Anbieter direkt \u00fcber den API-Schl\u00fcssel verkn\u00fcpfen oder ein benutzerdefiniertes Snippet f\u00fcr jedes Unix-System erstellen (einschlie\u00dflich Raspberry-Pi).<\/p><p>Du kannst es sofort ausprobieren indem du\u00a0<a href=\"https:\/\/nknx.org\">https:\/\/nknx.org<\/a>\u00a0besuchst der erst einmal mehr \u00fcber das Projekt in unseren <a href=\"https:\/\/nkn.org\/de\/community-projects\/nknx\/\">Community Project Showcase<\/a> lernst.<\/p>\t\t\t\t\t\t<\/div>\n\t\t\t\t<\/div>\n\t\t\t\t\t<\/div>\n\t\t<\/div>\n\t\t\t\t\t<\/div>\n\t\t<\/section>\n\t\t\t\t<section class=\"elementor-section elementor-inner-section elementor-element elementor-element-a6800e2 elementor-section-content-middle elementor-section-boxed elementor-section-height-default elementor-section-height-default\" data-id=\"a6800e2\" data-element_type=\"section\">\n\t\t\t\t\t\t<div class=\"elementor-container elementor-column-gap-default\">\n\t\t\t\t\t<div class=\"elementor-column elementor-col-12 elementor-inner-column elementor-element elementor-element-fc4bc59\" data-id=\"fc4bc59\" data-element_type=\"column\">\n\t\t\t<div class=\"elementor-widget-wrap elementor-element-populated\">\n\t\t\t\t\t\t<div class=\"elementor-element elementor-element-965bff7 elementor-widget elementor-widget-image\" data-id=\"965bff7\" data-element_type=\"widget\" data-widget_type=\"image.default\">\n\t\t\t\t<div class=\"elementor-widget-container\">\n\t\t\t\t\t\t\t\t\t\t\t\t\t\t<a href=\"https:\/\/console.cloud.google.com\/marketplace\/details\/nkn-public\/nkn-full-node\">\n\t\t\t\t\t\t\t<img decoding=\"async\" width=\"192\" height=\"192\" src=\"https:\/\/nkn.org\/wp-content\/uploads\/2020\/10\/googlecloud.png\" class=\"attachment-large size-large wp-image-4737\" alt=\"\" srcset=\"https:\/\/nkn.org\/wp-content\/uploads\/2020\/10\/googlecloud.png 192w, https:\/\/nkn.org\/wp-content\/uploads\/2020\/10\/googlecloud-150x150.png 150w, https:\/\/nkn.org\/wp-content\/uploads\/2020\/10\/googlecloud-100x100.png 100w\" sizes=\"100vw\" \/>\t\t\t\t\t\t\t\t<\/a>\n\t\t\t\t\t\t\t\t\t\t\t\t\t<\/div>\n\t\t\t\t<\/div>\n\t\t\t\t\t<\/div>\n\t\t<\/div>\n\t\t\t\t<div class=\"elementor-column elementor-col-12 elementor-inner-column elementor-element elementor-element-0352cba\" data-id=\"0352cba\" data-element_type=\"column\">\n\t\t\t<div class=\"elementor-widget-wrap elementor-element-populated\">\n\t\t\t\t\t\t<div class=\"elementor-element elementor-element-d9654d5 elementor-widget elementor-widget-image\" data-id=\"d9654d5\" data-element_type=\"widget\" data-widget_type=\"image.default\">\n\t\t\t\t<div class=\"elementor-widget-container\">\n\t\t\t\t\t\t\t\t\t\t\t\t\t\t<a href=\"https:\/\/aws.amazon.com\/marketplace\/pp\/B07PWJ69BF\">\n\t\t\t\t\t\t\t<img decoding=\"async\" width=\"184\" height=\"120\" src=\"https:\/\/nkn.org\/wp-content\/uploads\/2020\/10\/AWS.png\" class=\"attachment-large size-large wp-image-4733\" alt=\"\" sizes=\"100vw\" \/>\t\t\t\t\t\t\t\t<\/a>\n\t\t\t\t\t\t\t\t\t\t\t\t\t<\/div>\n\t\t\t\t<\/div>\n\t\t\t\t\t<\/div>\n\t\t<\/div>\n\t\t\t\t<div class=\"elementor-column elementor-col-12 elementor-inner-column elementor-element elementor-element-8809889\" data-id=\"8809889\" data-element_type=\"column\">\n\t\t\t<div class=\"elementor-widget-wrap elementor-element-populated\">\n\t\t\t\t\t\t<div class=\"elementor-element elementor-element-4f56efe elementor-widget elementor-widget-image\" data-id=\"4f56efe\" data-element_type=\"widget\" data-widget_type=\"image.default\">\n\t\t\t\t<div class=\"elementor-widget-container\">\n\t\t\t\t\t\t\t\t\t\t\t\t\t\t<a href=\"https:\/\/marketplace.digitalocean.com\/apps\/nkn-full-node\">\n\t\t\t\t\t\t\t<img decoding=\"async\" width=\"200\" height=\"148\" src=\"https:\/\/nkn.org\/wp-content\/uploads\/2020\/10\/DigitalOcean.png\" class=\"attachment-large size-large wp-image-4735\" alt=\"\" sizes=\"100vw\" \/>\t\t\t\t\t\t\t\t<\/a>\n\t\t\t\t\t\t\t\t\t\t\t\t\t<\/div>\n\t\t\t\t<\/div>\n\t\t\t\t\t<\/div>\n\t\t<\/div>\n\t\t\t\t<div class=\"elementor-column elementor-col-12 elementor-inner-column elementor-element elementor-element-81ccb94\" data-id=\"81ccb94\" data-element_type=\"column\">\n\t\t\t<div class=\"elementor-widget-wrap\">\n\t\t\t\t\t\t\t<\/div>\n\t\t<\/div>\n\t\t\t\t<div class=\"elementor-column elementor-col-12 elementor-inner-column elementor-element elementor-element-ab3ad76\" data-id=\"ab3ad76\" data-element_type=\"column\">\n\t\t\t<div class=\"elementor-widget-wrap\">\n\t\t\t\t\t\t\t<\/div>\n\t\t<\/div>\n\t\t\t\t<div class=\"elementor-column elementor-col-12 elementor-inner-column elementor-element elementor-element-50e807c\" data-id=\"50e807c\" data-element_type=\"column\">\n\t\t\t<div class=\"elementor-widget-wrap\">\n\t\t\t\t\t\t\t<\/div>\n\t\t<\/div>\n\t\t\t\t<div class=\"elementor-column elementor-col-12 elementor-inner-column elementor-element elementor-element-91458ac\" data-id=\"91458ac\" data-element_type=\"column\">\n\t\t\t<div class=\"elementor-widget-wrap\">\n\t\t\t\t\t\t\t<\/div>\n\t\t<\/div>\n\t\t\t\t<div class=\"elementor-column elementor-col-12 elementor-inner-column elementor-element elementor-element-58f7880\" data-id=\"58f7880\" data-element_type=\"column\">\n\t\t\t<div class=\"elementor-widget-wrap\">\n\t\t\t\t\t\t\t<\/div>\n\t\t<\/div>\n\t\t\t\t\t<\/div>\n\t\t<\/section>\n\t\t\t\t\t<\/div>\n\t\t<\/div>\n\t\t\t\t\t<\/div>\n\t\t<\/section>\n\t\t\t\t<\/div>\n\t\t","protected":false},"excerpt":{"rendered":"<p>Ihr eigener NKN-Knoten ist nur einen Klick entfernt! Der einfache Weg, um einen NKN-Knoten zu erstellen Wir m\u00f6chten allen die M\u00f6glichkeit geben, am NKN-Projekt teilzunehmen. Aus diesem Grund denken wir, dass die Installation eines Knotens auch f\u00fcr technisch nicht versierte Personen einfach sein sollte. Sowohl wir als auch unsere Community haben hart an diesem Ziel [&hellip;]<\/p>\n","protected":false},"author":1,"featured_media":0,"parent":5347,"menu_order":0,"comment_status":"closed","ping_status":"closed","template":"","meta":{"inline_featured_image":false},"acf":[],"_links":{"self":[{"href":"https:\/\/nkn.org\/de\/wp-json\/wp\/v2\/pages\/5358"}],"collection":[{"href":"https:\/\/nkn.org\/de\/wp-json\/wp\/v2\/pages"}],"about":[{"href":"https:\/\/nkn.org\/de\/wp-json\/wp\/v2\/types\/page"}],"author":[{"embeddable":true,"href":"https:\/\/nkn.org\/de\/wp-json\/wp\/v2\/users\/1"}],"replies":[{"embeddable":true,"href":"https:\/\/nkn.org\/de\/wp-json\/wp\/v2\/comments?post=5358"}],"version-history":[{"count":4,"href":"https:\/\/nkn.org\/de\/wp-json\/wp\/v2\/pages\/5358\/revisions"}],"predecessor-version":[{"id":5368,"href":"https:\/\/nkn.org\/de\/wp-json\/wp\/v2\/pages\/5358\/revisions\/5368"}],"up":[{"embeddable":true,"href":"https:\/\/nkn.org\/de\/wp-json\/wp\/v2\/pages\/5347"}],"wp:attachment":[{"href":"https:\/\/nkn.org\/de\/wp-json\/wp\/v2\/media?parent=5358"}],"curies":[{"name":"wp","href":"https:\/\/api.w.org\/{rel}","templated":true}]}}