{"id":5341,"date":"2020-11-27T19:36:14","date_gmt":"2020-11-27T19:36:14","guid":{"rendered":"https:\/\/nkn.nknx.org\/?page_id=5341"},"modified":"2021-01-20T09:09:38","modified_gmt":"2021-01-20T09:09:38","slug":"team-und-berater","status":"publish","type":"page","link":"https:\/\/nkn.org\/de\/ueber\/team-und-berater\/","title":{"rendered":"Team und Berater"},"content":{"rendered":"\t\t<div data-elementor-type=\"wp-page\" data-elementor-id=\"5341\" class=\"elementor elementor-5341 elementor-685\">\n\t\t\t\t\t\t<div class=\"elementor-section elementor-top-section elementor-element elementor-element-78eaebe elementor-section-stretched elementor-section-boxed elementor-section-height-default elementor-section-height-default\" data-id=\"78eaebe\" data-element_type=\"section\" data-settings=\"{&quot;stretch_section&quot;:&quot;section-stretched&quot;}\">\n\t\t\t\t\t\t<div class=\"elementor-container elementor-column-gap-default\">\n\t\t\t\t\t<div class=\"elementor-column elementor-col-100 elementor-top-column elementor-element elementor-element-ba08283\" data-id=\"ba08283\" data-element_type=\"column\">\n\t\t\t<div class=\"elementor-widget-wrap elementor-element-populated\">\n\t\t\t\t\t\t<div class=\"elementor-section elementor-inner-section elementor-element elementor-element-cd5aa29 elementor-section-boxed elementor-section-height-default elementor-section-height-default elementor-invisible\" data-id=\"cd5aa29\" data-element_type=\"section\" data-settings=\"{&quot;animation&quot;:&quot;fadeInUp&quot;}\">\n\t\t\t\t\t\t<div class=\"elementor-container elementor-column-gap-default\">\n\t\t\t\t\t<div class=\"elementor-column elementor-col-100 elementor-inner-column elementor-element elementor-element-4d394e4\" data-id=\"4d394e4\" data-element_type=\"column\">\n\t\t\t<div class=\"elementor-widget-wrap elementor-element-populated\">\n\t\t\t\t\t\t<div class=\"elementor-element elementor-element-f23e05b elementor-widget elementor-widget-section_title\" data-id=\"f23e05b\" data-element_type=\"widget\" data-widget_type=\"section_title.default\">\n\t\t\t\t<div class=\"elementor-widget-container\">\n\t\t\t\n<div class=\"text-left iq-title-box iq-title-default iq-title-box-2\">\n\t<div class=\"iq-title-icon\">\n\t\t\t<\/div>\n\t\n\t<h2 class=\"iq-title\" >\n\t\tDas Team New Kind of Network\t<\/h2>\n\t\t\n\t<\/div>\n\n\t\t<\/div>\n\t\t\t\t<\/div>\n\t\t\t\t<div class=\"elementor-element elementor-element-f27abd5 elementor-widget elementor-widget-text-editor\" data-id=\"f27abd5\" data-element_type=\"widget\" data-widget_type=\"text-editor.default\">\n\t\t\t\t<div class=\"elementor-widget-container\">\n\t\t\t\t\t\t\t<p>Das Team NKN ist eine Gruppe von Ingenieuren mit langj\u00e4hriger Erfahrung in Netzwerksoftware und Blockchain-Technologie, die sich der Disruption des Internets widmen. New Kind of Network wurde von <u><a href=\"https:\/\/github.com\/dreamfly281\">Yanbo <\/a><\/u><u><a href=\"https:\/\/github.com\/dreamfly281\">Li<\/a><\/u>, <u><a href=\"https:\/\/www.linkedin.com\/in\/zbruceli\/\">Bruce Li<\/a><\/u> und <u><a href=\"https:\/\/github.com\/yilunzhang\">Yilun <\/a><\/u><u><a href=\"https:\/\/github.com\/yilunzhang\">Zhang<\/a><\/u> gegr\u00fcndet, die die gleiche Vision und den gleichen Ehrgeiz haben, die gr\u00f6\u00dfte Blockchain der Welt zu bauen, um die Internetkonnektivit\u00e4t f\u00fcr jeden auf unserem Planeten Erde zu teilen.<\/p><p>Im M\u00e4rz 2018 trat <u><a href=\"https:\/\/en.wikipedia.org\/wiki\/Whitfield_Diffie\">Whitfield Diffie<\/a><\/u>, Erfinder der Public-Key-Kryptografie, dem Team als Berater bei.<u><a href=\"https:\/\/www.businesswire.com\/news\/home\/20180404006356\/en\/Cryptic-Labs-and-Dr.-Whitfield-Diffie-Sign-Research-Agreement-With-NKN-Project\">1<\/a><\/u><u><a href=\"https:\/\/www.businesswire.com\/news\/home\/20180404006356\/en\/Cryptic-Labs-and-Dr.-Whitfield-Diffie-Sign-Research-Agreement-With-NKN-Project\">]<\/a><\/u> Sp\u00e4ter im M\u00e4rz 2019 begr\u00fc\u00dfte das Team <u><a href=\"https:\/\/en.wikipedia.org\/wiki\/Stephen_Wolfram\">Stephen Wolfram<\/a><\/u>, Gr\u00fcnder und CEO von wolfram Research und Bestsellerautor von <u><i><a href=\"https:\/\/en.wikipedia.org\/wiki\/A_New_Kind_of_Science\">A <\/a><\/i><\/u><u><i><a href=\"https:\/\/en.wikipedia.org\/wiki\/A_New_Kind_of_Science\">New Kind of <\/a><\/i><\/u><u><i><a href=\"https:\/\/en.wikipedia.org\/wiki\/A_New_Kind_of_Science\">Science<\/a><\/i><\/u>, als Berater.<u><a href=\"https:\/\/www.businesswire.com\/news\/home\/20181218005225\/en\/Founder-and-CEO-Stephen-Wolfram-Joins-NKN-As-Technical-Advisor\">[<\/a><\/u><u><a href=\"https:\/\/www.businesswire.com\/news\/home\/20181218005225\/en\/Founder-and-CEO-Stephen-Wolfram-Joins-NKN-As-Technical-Advisor\">2]<\/a><\/u><u><a href=\"https:\/\/medium.com\/nknetwork\/dr-stephen-wolfram-nkn-advisor-talks-about-nkn-in-wolfram-physics-project-3c3290186c3f\">[3]<\/a><\/u><u><a href=\"https:\/\/medium.com\/nknetwork\/stephen-wolfram-creator-of-nks-tries-to-understand-nkn-b4018d747a3\">[4]<\/a><\/u><\/p><p>New Kind of Network zog von Beginn des Projekts an auch seine eigene Community an, mit einer Gruppe von erfahrenen Technologiefreaks und Enthusiasten, die die gleiche Vision teilen, ein besseres Internet f\u00fcr uns alle zu schaffen.<\/p>\t\t\t\t\t\t<\/div>\n\t\t\t\t<\/div>\n\t\t\t\t\t<\/div>\n\t\t<\/div>\n\t\t\t\t\t<\/div>\n\t\t<\/div>\n\t\t\t\t\t<\/div>\n\t\t<\/div>\n\t\t\t\t\t<\/div>\n\t\t<\/div>\n\t\t\t\t<\/div>\n\t\t","protected":false},"excerpt":{"rendered":"<p>Das Team New Kind of Network Das Team NKN ist eine Gruppe von Ingenieuren mit langj\u00e4hriger Erfahrung in Netzwerksoftware und Blockchain-Technologie, die sich der Disruption des Internets widmen. New Kind of Network wurde von Yanbo Li, Bruce Li und Yilun Zhang gegr\u00fcndet, die die gleiche Vision und den gleichen Ehrgeiz haben, die gr\u00f6\u00dfte Blockchain der [&hellip;]<\/p>\n","protected":false},"author":1,"featured_media":0,"parent":5339,"menu_order":0,"comment_status":"closed","ping_status":"closed","template":"","meta":{"inline_featured_image":false},"acf":[],"_links":{"self":[{"href":"https:\/\/nkn.org\/de\/wp-json\/wp\/v2\/pages\/5341"}],"collection":[{"href":"https:\/\/nkn.org\/de\/wp-json\/wp\/v2\/pages"}],"about":[{"href":"https:\/\/nkn.org\/de\/wp-json\/wp\/v2\/types\/page"}],"author":[{"embeddable":true,"href":"https:\/\/nkn.org\/de\/wp-json\/wp\/v2\/users\/1"}],"replies":[{"embeddable":true,"href":"https:\/\/nkn.org\/de\/wp-json\/wp\/v2\/comments?post=5341"}],"version-history":[{"count":10,"href":"https:\/\/nkn.org\/de\/wp-json\/wp\/v2\/pages\/5341\/revisions"}],"predecessor-version":[{"id":8192,"href":"https:\/\/nkn.org\/de\/wp-json\/wp\/v2\/pages\/5341\/revisions\/8192"}],"up":[{"embeddable":true,"href":"https:\/\/nkn.org\/de\/wp-json\/wp\/v2\/pages\/5339"}],"wp:attachment":[{"href":"https:\/\/nkn.org\/de\/wp-json\/wp\/v2\/media?parent=5341"}],"curies":[{"name":"wp","href":"https:\/\/api.w.org\/{rel}","templated":true}]}}