{"id":5269,"date":"2020-11-26T19:13:08","date_gmt":"2020-11-26T19:13:08","guid":{"rendered":"https:\/\/nkn.nknx.org\/?page_id=5269"},"modified":"2020-12-02T20:57:27","modified_gmt":"2020-12-02T20:57:27","slug":"entwicklungsressourcen","status":"publish","type":"page","link":"https:\/\/nkn.org\/de\/entwickler\/entwicklerressourcen\/","title":{"rendered":"Entwicklerressourcen"},"content":{"rendered":"\t\t<div data-elementor-type=\"wp-page\" data-elementor-id=\"5269\" class=\"elementor elementor-5269 elementor-2707\">\n\t\t\t\t\t\t<section class=\"elementor-section elementor-top-section elementor-element elementor-element-c4a7379 elementor-section-boxed elementor-section-height-default elementor-section-height-default\" data-id=\"c4a7379\" data-element_type=\"section\">\n\t\t\t\t\t\t<div class=\"elementor-container elementor-column-gap-default\">\n\t\t\t\t\t<div class=\"elementor-column elementor-col-100 elementor-top-column elementor-element elementor-element-3613cc9\" data-id=\"3613cc9\" data-element_type=\"column\">\n\t\t\t<div class=\"elementor-widget-wrap elementor-element-populated\">\n\t\t\t\t\t\t<div class=\"elementor-element elementor-element-225b3fa elementor-widget elementor-widget-section_title\" data-id=\"225b3fa\" data-element_type=\"widget\" data-widget_type=\"section_title.default\">\n\t\t\t\t<div class=\"elementor-widget-container\">\n\t\t\t\n<div class=\"text-left iq-title-box iq-title-default iq-title-box-2\">\n\t<div class=\"iq-title-icon\">\n\t\t\t<\/div>\n\t\n\t<h2 class=\"iq-title\" >\n\t\tAlles was du brauchst, um NKN in deinem n\u00e4chsten Projekt zu verwenden\t<\/h2>\n\t\t\n\t<\/div>\n\n\t\t<\/div>\n\t\t\t\t<\/div>\n\t\t\t\t<section class=\"elementor-section elementor-inner-section elementor-element elementor-element-1a29ba1 elementor-section-boxed elementor-section-height-default elementor-section-height-default\" data-id=\"1a29ba1\" data-element_type=\"section\">\n\t\t\t\t\t\t<div class=\"elementor-container elementor-column-gap-default\">\n\t\t\t\t\t<div class=\"elementor-column elementor-col-100 elementor-inner-column elementor-element elementor-element-7d4b308\" data-id=\"7d4b308\" data-element_type=\"column\">\n\t\t\t<div class=\"elementor-widget-wrap elementor-element-populated\">\n\t\t\t\t\t\t<div class=\"elementor-element elementor-element-e78b7b0 elementor-widget elementor-widget-text-editor\" data-id=\"e78b7b0\" data-element_type=\"widget\" data-widget_type=\"text-editor.default\">\n\t\t\t\t<div class=\"elementor-widget-container\">\n\t\t\t\t\t\t\t<p>Wie du wahrscheinlich bereits weist m\u00f6chten wir, dass NKN so einfach wie m\u00f6glich zu verwenden ist. Aus diesem Grund haben wir unseren Code so geschrieben, dass er leicht adaptiert werden kann. NKN ist ein Projekt, das von Entwicklern f\u00fcr Entwickler erstellt wurde. Alles mit dem Fokus die Art und Weise, mit der wir Apps schreiben, in Zukunft zu revolutionieren. Lass dir zun\u00e4chst einen kurzen technischen \u00dcberblick \u00fcber NKN und unser SDK geben.<\/p>\t\t\t\t\t\t<\/div>\n\t\t\t\t<\/div>\n\t\t\t\t\t<\/div>\n\t\t<\/div>\n\t\t\t\t\t<\/div>\n\t\t<\/section>\n\t\t\t\t<section class=\"elementor-section elementor-inner-section elementor-element elementor-element-61d9308 elementor-section-boxed elementor-section-height-default elementor-section-height-default\" data-id=\"61d9308\" data-element_type=\"section\">\n\t\t\t\t\t\t<div class=\"elementor-container elementor-column-gap-default\">\n\t\t\t\t\t<div class=\"elementor-column elementor-col-50 elementor-inner-column elementor-element elementor-element-5999ad9\" data-id=\"5999ad9\" data-element_type=\"column\">\n\t\t\t<div class=\"elementor-widget-wrap elementor-element-populated\">\n\t\t\t\t\t\t<div class=\"elementor-element elementor-element-05e1147 elementor-widget elementor-widget-heading\" data-id=\"05e1147\" data-element_type=\"widget\" data-widget_type=\"heading.default\">\n\t\t\t\t<div class=\"elementor-widget-container\">\n\t\t\t<h5 class=\"elementor-heading-title elementor-size-default\">Technische Einf\u00fchrung in NKN\u200b<\/h5>\t\t<\/div>\n\t\t\t\t<\/div>\n\t\t\t\t<div class=\"elementor-element elementor-element-7ed7f64 elementor-widget elementor-widget-video\" data-id=\"7ed7f64\" data-element_type=\"widget\" data-settings=\"{&quot;video_type&quot;:&quot;hosted&quot;,&quot;controls&quot;:&quot;yes&quot;}\" data-widget_type=\"video.default\">\n\t\t\t\t<div class=\"elementor-widget-container\">\n\t\t\t\t\t<div class=\"e-hosted-video elementor-wrapper elementor-open-inline\">\n\t\t\t\t\t<video class=\"elementor-video\" src=\"https:\/\/nkn.org\/wp-content\/uploads\/2020\/12\/NKN-Introduction.mp4\" controls=\"\" preload=\"metadata\" controlsList=\"nodownload\"><\/video>\n\t\t\t\t<\/div>\n\t\t\t\t<\/div>\n\t\t\t\t<\/div>\n\t\t\t\t\t<\/div>\n\t\t<\/div>\n\t\t\t\t<div class=\"elementor-column elementor-col-50 elementor-inner-column elementor-element elementor-element-ff53bb0\" data-id=\"ff53bb0\" data-element_type=\"column\">\n\t\t\t<div class=\"elementor-widget-wrap elementor-element-populated\">\n\t\t\t\t\t\t<div class=\"elementor-element elementor-element-768cd3e elementor-widget elementor-widget-heading\" data-id=\"768cd3e\" data-element_type=\"widget\" data-widget_type=\"heading.default\">\n\t\t\t\t<div class=\"elementor-widget-container\">\n\t\t\t<h5 class=\"elementor-heading-title elementor-size-default\">Technische Einf\u00fchrung in unser SDK\u200b<\/h5>\t\t<\/div>\n\t\t\t\t<\/div>\n\t\t\t\t<div class=\"elementor-element elementor-element-56ad09b elementor-widget elementor-widget-video\" data-id=\"56ad09b\" data-element_type=\"widget\" data-settings=\"{&quot;video_type&quot;:&quot;hosted&quot;,&quot;controls&quot;:&quot;yes&quot;}\" data-widget_type=\"video.default\">\n\t\t\t\t<div class=\"elementor-widget-container\">\n\t\t\t\t\t<div class=\"e-hosted-video elementor-wrapper elementor-open-inline\">\n\t\t\t\t\t<video class=\"elementor-video\" src=\"https:\/\/nkn.org\/wp-content\/uploads\/2020\/12\/nkn-sdk.mp4\" controls=\"\" preload=\"metadata\" controlsList=\"nodownload\"><\/video>\n\t\t\t\t<\/div>\n\t\t\t\t<\/div>\n\t\t\t\t<\/div>\n\t\t\t\t\t<\/div>\n\t\t<\/div>\n\t\t\t\t\t<\/div>\n\t\t<\/section>\n\t\t\t\t<div class=\"elementor-element elementor-element-c1cb3a5 elementor-widget elementor-widget-section_title\" data-id=\"c1cb3a5\" data-element_type=\"widget\" data-widget_type=\"section_title.default\">\n\t\t\t\t<div class=\"elementor-widget-container\">\n\t\t\t\n<div class=\"text-left iq-title-box iq-title-default iq-title-box-2\">\n\t<div class=\"iq-title-icon\">\n\t\t\t<\/div>\n\t\n\t<h2 class=\"iq-title\" >\n\t\tSo findest du SDKs and Dokumentation\t<\/h2>\n\t\t\n\t<\/div>\n\n\t\t<\/div>\n\t\t\t\t<\/div>\n\t\t\t\t<div class=\"elementor-element elementor-element-4195c49 elementor-widget elementor-widget-text-editor\" data-id=\"4195c49\" data-element_type=\"widget\" data-widget_type=\"text-editor.default\">\n\t\t\t\t<div class=\"elementor-widget-container\">\n\t\t\t\t\t\t\t<p>Unser SDK und unsere Dokumentation sind in mehreren Sprachen verf\u00fcgbar. Einige werden direkt vom NKN-Kernteam gewartet, andere von unserer Community. Trotzdem unterst\u00fctzen wir alle und m\u00f6chten die Implementierung vereinfachen.<\/p><p>Hier ist eine kurze \u00dcbersicht \u00fcber die verf\u00fcgbaren Sprachen und wo du das entsprechende SDK findest:<\/p>\t\t\t\t\t\t<\/div>\n\t\t\t\t<\/div>\n\t\t\t\t<section class=\"elementor-section elementor-inner-section elementor-element elementor-element-4348391 elementor-section-boxed elementor-section-height-default elementor-section-height-default\" data-id=\"4348391\" data-element_type=\"section\">\n\t\t\t\t\t\t<div class=\"elementor-container elementor-column-gap-default\">\n\t\t\t\t\t<div class=\"elementor-column elementor-col-50 elementor-inner-column elementor-element elementor-element-b62cb17\" data-id=\"b62cb17\" data-element_type=\"column\">\n\t\t\t<div class=\"elementor-widget-wrap elementor-element-populated\">\n\t\t\t\t\t\t<div class=\"elementor-element elementor-element-1377c22 elementor-tabs-view-horizontal elementor-widget elementor-widget-tabs\" data-id=\"1377c22\" data-element_type=\"widget\" data-widget_type=\"tabs.default\">\n\t\t\t\t<div class=\"elementor-widget-container\">\n\t\t\t\t\t<div class=\"elementor-tabs\">\n\t\t\t<div class=\"elementor-tabs-wrapper\" role=\"tablist\" >\n\t\t\t\t\t\t\t\t\t<div id=\"elementor-tab-title-2041\" class=\"elementor-tab-title elementor-tab-desktop-title\" aria-selected=\"true\" data-tab=\"1\" role=\"tab\" tabindex=\"0\" aria-controls=\"elementor-tab-content-2041\" aria-expanded=\"false\">GoLang<\/div>\n\t\t\t\t\t\t\t\t\t<div id=\"elementor-tab-title-2042\" class=\"elementor-tab-title elementor-tab-desktop-title\" aria-selected=\"false\" data-tab=\"2\" role=\"tab\" tabindex=\"-1\" aria-controls=\"elementor-tab-content-2042\" aria-expanded=\"false\">JavaScript<\/div>\n\t\t\t\t\t\t\t\t\t<div id=\"elementor-tab-title-2043\" class=\"elementor-tab-title elementor-tab-desktop-title\" aria-selected=\"false\" data-tab=\"3\" role=\"tab\" tabindex=\"-1\" aria-controls=\"elementor-tab-content-2043\" aria-expanded=\"false\">Java<\/div>\n\t\t\t\t\t\t\t\t\t<div id=\"elementor-tab-title-2044\" class=\"elementor-tab-title elementor-tab-desktop-title\" aria-selected=\"false\" data-tab=\"4\" role=\"tab\" tabindex=\"-1\" aria-controls=\"elementor-tab-content-2044\" aria-expanded=\"false\">C# \/ .NET<\/div>\n\t\t\t\t\t\t\t\t\t<div id=\"elementor-tab-title-2045\" class=\"elementor-tab-title elementor-tab-desktop-title\" aria-selected=\"false\" data-tab=\"5\" role=\"tab\" tabindex=\"-1\" aria-controls=\"elementor-tab-content-2045\" aria-expanded=\"false\">Elixir<\/div>\n\t\t\t\t\t\t\t\t\t<div id=\"elementor-tab-title-2046\" class=\"elementor-tab-title elementor-tab-desktop-title\" aria-selected=\"false\" data-tab=\"6\" role=\"tab\" tabindex=\"-1\" aria-controls=\"elementor-tab-content-2046\" aria-expanded=\"false\">Python<\/div>\n\t\t\t\t\t\t\t\t\t<div id=\"elementor-tab-title-2047\" class=\"elementor-tab-title elementor-tab-desktop-title\" aria-selected=\"false\" data-tab=\"7\" role=\"tab\" tabindex=\"-1\" aria-controls=\"elementor-tab-content-2047\" aria-expanded=\"false\">Android<\/div>\n\t\t\t\t\t\t\t<\/div>\n\t\t\t<div class=\"elementor-tabs-content-wrapper\" role=\"tablist\" aria-orientation=\"vertical\">\n\t\t\t\t\t\t\t\t\t<div class=\"elementor-tab-title elementor-tab-mobile-title\" aria-selected=\"true\" data-tab=\"1\" role=\"tab\" tabindex=\"0\" aria-controls=\"elementor-tab-content-2041\" aria-expanded=\"false\">GoLang<\/div>\n\t\t\t\t\t<div id=\"elementor-tab-content-2041\" class=\"elementor-tab-content elementor-clearfix\" data-tab=\"1\" role=\"tabpanel\" aria-labelledby=\"elementor-tab-title-2041\" tabindex=\"0\" hidden=\"false\"><div class=\"elementor-container elementor-column-gap-default\"><div class=\"elementor-row\"><div class=\"elementor-column elementor-col-50 elementor-inner-column elementor-element\" style=\"width: 400px;\"><div class=\"elementor-column-wrap elementor-element-populated\"><div class=\"github-card\" data-github=\"nknorg\/nkn-sdk-go\" data-width=\"400\" data-height=\"300\" data-theme=\"medium\">\u00a0<\/div><\/div><\/div><\/div><div class=\"elementor-widget-wrap\"><div class=\"elementor-element elementor-element-f3e63f4 elementor-widget elementor-widget-heading\" data-id=\"f3e63f4\" data-element_type=\"widget\" data-widget_type=\"heading.default\"><div class=\"elementor-widget-container\"><h5 class=\"elementor-heading-title elementor-size-default\" style=\"margin-top: 15px;\">Offizielles NKN SDK in GoLang<\/h5><\/div><\/div><div class=\"elementor-element elementor-element-4370b06 elementor-widget elementor-widget-text-editor\" data-id=\"4370b06\" data-element_type=\"widget\" data-widget_type=\"text-editor.default\"><div class=\"elementor-widget-container\"><div class=\"elementor-text-editor elementor-clearfix\"><ul><li>Gepflegt vom NKN core team<\/li><li>Wird in allen NKN-Team Projekten verwendet<\/li><\/ul><\/div><\/div><\/div><\/div><\/div><\/div>\n\t\t\t\t\t\t\t\t\t<div class=\"elementor-tab-title elementor-tab-mobile-title\" aria-selected=\"false\" data-tab=\"2\" role=\"tab\" tabindex=\"-1\" aria-controls=\"elementor-tab-content-2042\" aria-expanded=\"false\">JavaScript<\/div>\n\t\t\t\t\t<div id=\"elementor-tab-content-2042\" class=\"elementor-tab-content elementor-clearfix\" data-tab=\"2\" role=\"tabpanel\" aria-labelledby=\"elementor-tab-title-2042\" tabindex=\"0\" hidden=\"hidden\"><div class=\"elementor-container elementor-column-gap-default\"><div class=\"elementor-row\"><div class=\"elementor-column elementor-col-50 elementor-inner-column elementor-element\" style=\"width: 400px;\"><div class=\"elementor-column-wrap elementor-element-populated\"><div class=\"github-card\" data-github=\"nknorg\/nkn-sdk-js\" data-width=\"400\" data-height=\"300\" data-theme=\"medium\">\u00a0<\/div><\/div><\/div><\/div><div class=\"elementor-widget-wrap\"><div class=\"elementor-element elementor-element-f3e63f4 elementor-widget elementor-widget-heading\" data-id=\"f3e63f4\" data-element_type=\"widget\" data-widget_type=\"heading.default\"><div class=\"elementor-widget-container\"><h5 class=\"elementor-heading-title elementor-size-default\" style=\"margin-top: 15px;\">Offizielles NKN SDK in JavaScript<\/h5><\/div><\/div><div class=\"elementor-element elementor-element-4370b06 elementor-widget elementor-widget-text-editor\" data-id=\"4370b06\" data-element_type=\"widget\" data-widget_type=\"text-editor.default\"><div class=\"elementor-widget-container\"><div class=\"elementor-text-editor elementor-clearfix\"><ul><li>Gepflegt vom NKN core team<\/li><li>Wird in allen NKN-Team Projekten verwendet<\/li><\/ul><\/div><\/div><\/div><\/div><\/div><\/div>\n\t\t\t\t\t\t\t\t\t<div class=\"elementor-tab-title elementor-tab-mobile-title\" aria-selected=\"false\" data-tab=\"3\" role=\"tab\" tabindex=\"-1\" aria-controls=\"elementor-tab-content-2043\" aria-expanded=\"false\">Java<\/div>\n\t\t\t\t\t<div id=\"elementor-tab-content-2043\" class=\"elementor-tab-content elementor-clearfix\" data-tab=\"3\" role=\"tabpanel\" aria-labelledby=\"elementor-tab-title-2043\" tabindex=\"0\" hidden=\"hidden\"><div class=\"elementor-container elementor-column-gap-default\"><div class=\"elementor-row\"><div class=\"elementor-column elementor-col-50 elementor-inner-column elementor-element\" style=\"width: 400px;\"><div class=\"elementor-column-wrap elementor-element-populated\"><div class=\"github-card\" data-github=\"nknorg\/nkn-java-sdk\" data-width=\"400\" data-height=\"\" data-theme=\"medium\">\u00a0<\/div><\/div><\/div><\/div><div class=\"elementor-widget-wrap\"><div class=\"elementor-element elementor-element-f3e63f4 elementor-widget elementor-widget-heading\" data-id=\"f3e63f4\" data-element_type=\"widget\" data-widget_type=\"heading.default\"><div class=\"elementor-widget-container\"><h5 class=\"elementor-heading-title elementor-size-default\" style=\"margin-top: 15px;\">Offizielles NKN SDK in Java<\/h5><\/div><\/div><div class=\"elementor-element elementor-element-4370b06 elementor-widget elementor-widget-text-editor\" data-id=\"4370b06\" data-element_type=\"widget\" data-widget_type=\"text-editor.default\"><div class=\"elementor-widget-container\"><div class=\"elementor-text-editor elementor-clearfix\"><ul><li>Gepflegt vom NKN core team<\/li><li>Wird in allen NKN-Team Projekten verwendet<\/li><\/ul><\/div><\/div><\/div><\/div><\/div><\/div>\n\t\t\t\t\t\t\t\t\t<div class=\"elementor-tab-title elementor-tab-mobile-title\" aria-selected=\"false\" data-tab=\"4\" role=\"tab\" tabindex=\"-1\" aria-controls=\"elementor-tab-content-2044\" aria-expanded=\"false\">C# \/ .NET<\/div>\n\t\t\t\t\t<div id=\"elementor-tab-content-2044\" class=\"elementor-tab-content elementor-clearfix\" data-tab=\"4\" role=\"tabpanel\" aria-labelledby=\"elementor-tab-title-2044\" tabindex=\"0\" hidden=\"hidden\"><div class=\"elementor-container elementor-column-gap-default\"><div class=\"elementor-row\"><div class=\"elementor-column elementor-col-50 elementor-inner-column elementor-element\" style=\"width: 400px;\"><div class=\"elementor-column-wrap elementor-element-populated\"><div class=\"github-card\" data-github=\"hiksa\/nkn-sdk-net\" data-width=\"400\" data-height=\"\" data-theme=\"medium\">\u00a0<\/div><\/div><\/div><\/div><div class=\"elementor-widget-wrap\"><div class=\"elementor-element elementor-element-f3e63f4 elementor-widget elementor-widget-heading\" data-id=\"f3e63f4\" data-element_type=\"widget\" data-widget_type=\"heading.default\"><div class=\"elementor-widget-container\"><h5 class=\"elementor-heading-title elementor-size-default\" style=\"margin-top: 15px;\">NKN SDK in C#\/.NET by hiksa<\/h5><\/div><\/div><div class=\"elementor-element elementor-element-4370b06 elementor-widget elementor-widget-text-editor\" data-id=\"4370b06\" data-element_type=\"widget\" data-widget_type=\"text-editor.default\"><div class=\"elementor-widget-container\"><div class=\"elementor-text-editor elementor-clearfix\"><ul><li>Gepflegt von der NKN community<\/li><\/ul><\/div><\/div><\/div><\/div><\/div><\/div>\n\t\t\t\t\t\t\t\t\t<div class=\"elementor-tab-title elementor-tab-mobile-title\" aria-selected=\"false\" data-tab=\"5\" role=\"tab\" tabindex=\"-1\" aria-controls=\"elementor-tab-content-2045\" aria-expanded=\"false\">Elixir<\/div>\n\t\t\t\t\t<div id=\"elementor-tab-content-2045\" class=\"elementor-tab-content elementor-clearfix\" data-tab=\"5\" role=\"tabpanel\" aria-labelledby=\"elementor-tab-title-2045\" tabindex=\"0\" hidden=\"hidden\"><div class=\"elementor-container elementor-column-gap-default\"><div class=\"elementor-row\"><div class=\"elementor-column elementor-col-50 elementor-inner-column elementor-element\" style=\"width: 400px;\"><div class=\"elementor-column-wrap elementor-element-populated\"><div class=\"github-card\" data-github=\"termoose\/nkn_client\" data-width=\"400\" data-height=\"\" data-theme=\"medium\">\u00a0<\/div><\/div><\/div><\/div><div class=\"elementor-widget-wrap\"><div class=\"elementor-element elementor-element-f3e63f4 elementor-widget elementor-widget-heading\" data-id=\"f3e63f4\" data-element_type=\"widget\" data-widget_type=\"heading.default\"><div class=\"elementor-widget-container\"><h5 class=\"elementor-heading-title elementor-size-default\" style=\"margin-top: 15px;\">NKN SDK in Elixir by termoose<\/h5><\/div><\/div><div class=\"elementor-element elementor-element-4370b06 elementor-widget elementor-widget-text-editor\" data-id=\"4370b06\" data-element_type=\"widget\" data-widget_type=\"text-editor.default\"><div class=\"elementor-widget-container\"><div class=\"elementor-text-editor elementor-clearfix\"><ul><li>Gepflegt by NKN community<\/li><\/ul><\/div><\/div><\/div><\/div><\/div><\/div>\n\t\t\t\t\t\t\t\t\t<div class=\"elementor-tab-title elementor-tab-mobile-title\" aria-selected=\"false\" data-tab=\"6\" role=\"tab\" tabindex=\"-1\" aria-controls=\"elementor-tab-content-2046\" aria-expanded=\"false\">Python<\/div>\n\t\t\t\t\t<div id=\"elementor-tab-content-2046\" class=\"elementor-tab-content elementor-clearfix\" data-tab=\"6\" role=\"tabpanel\" aria-labelledby=\"elementor-tab-title-2046\" tabindex=\"0\" hidden=\"hidden\"><div class=\"elementor-container elementor-column-gap-default\"><div class=\"elementor-row\"><div class=\"elementor-column elementor-col-50 elementor-inner-column elementor-element\" style=\"width: 400px;\"><div class=\"elementor-column-wrap elementor-element-populated\"><div class=\"github-card\" data-github=\"nknorg\/nkn-sdk-py3\" data-width=\"400\" data-height=\"300\" data-theme=\"medium\">\u00a0<\/div><\/div><\/div><\/div><div class=\"elementor-widget-wrap\"><div class=\"elementor-element elementor-element-f3e63f4 elementor-widget elementor-widget-heading\" data-id=\"f3e63f4\" data-element_type=\"widget\" data-widget_type=\"heading.default\"><div class=\"elementor-widget-container\"><h5 class=\"elementor-heading-title elementor-size-default\" style=\"margin-top: 15px;\">Offizielles NKN SDK in Python<\/h5><\/div><\/div><div class=\"elementor-element elementor-element-4370b06 elementor-widget elementor-widget-text-editor\" data-id=\"4370b06\" data-element_type=\"widget\" data-widget_type=\"text-editor.default\"><div class=\"elementor-widget-container\"><div class=\"elementor-text-editor elementor-clearfix\"><ul><li>Gepflegt vom NKN core team<\/li><li>Wird in allen NKN-Team Projekten verwendet<\/li><\/ul><\/div><\/div><\/div><\/div><\/div><\/div>\n\t\t\t\t\t\t\t\t\t<div class=\"elementor-tab-title elementor-tab-mobile-title\" aria-selected=\"false\" data-tab=\"7\" role=\"tab\" tabindex=\"-1\" aria-controls=\"elementor-tab-content-2047\" aria-expanded=\"false\">Android<\/div>\n\t\t\t\t\t<div id=\"elementor-tab-content-2047\" class=\"elementor-tab-content elementor-clearfix\" data-tab=\"7\" role=\"tabpanel\" aria-labelledby=\"elementor-tab-title-2047\" tabindex=\"0\" hidden=\"hidden\"><div class=\"elementor-container elementor-column-gap-default\"><div class=\"elementor-row\"><div class=\"elementor-column elementor-col-50 elementor-inner-column elementor-element\" style=\"width: 400px;\"><div class=\"elementor-column-wrap elementor-element-populated\"><div class=\"github-card\" data-github=\"nknorg\/nkn-sdk-android\" data-width=\"400\" data-height=\"300\" data-theme=\"medium\">\u00a0<\/div><\/div><\/div><\/div><div class=\"elementor-widget-wrap\"><div class=\"elementor-element elementor-element-f3e63f4 elementor-widget elementor-widget-heading\" data-id=\"f3e63f4\" data-element_type=\"widget\" data-widget_type=\"heading.default\"><div class=\"elementor-widget-container\"><h5 class=\"elementor-heading-title elementor-size-default\" style=\"margin-top: 15px;\">Official NKN SDK for Android<\/h5><\/div><\/div><div class=\"elementor-element elementor-element-4370b06 elementor-widget elementor-widget-text-editor\" data-id=\"4370b06\" data-element_type=\"widget\" data-widget_type=\"text-editor.default\"><div class=\"elementor-widget-container\"><div class=\"elementor-text-editor elementor-clearfix\"><ul><li>Gepflegt vom NKN core team<\/li><li>Wird in allen NKN-Team Projekten verwendet<\/li><\/ul><\/div><\/div><\/div><\/div><\/div><\/div>\n\t\t\t\t\t\t\t<\/div>\n\t\t<\/div>\n\t\t\t\t<\/div>\n\t\t\t\t<\/div>\n\t\t\t\t\t<\/div>\n\t\t<\/div>\n\t\t\t\t<div class=\"elementor-column elementor-col-50 elementor-inner-column elementor-element elementor-element-d8553e5\" data-id=\"d8553e5\" data-element_type=\"column\">\n\t\t\t<div class=\"elementor-widget-wrap elementor-element-populated\">\n\t\t\t\t\t\t<div class=\"elementor-element elementor-element-f3e63f4 elementor-widget elementor-widget-heading\" data-id=\"f3e63f4\" data-element_type=\"widget\" data-widget_type=\"heading.default\">\n\t\t\t\t<div class=\"elementor-widget-container\">\n\t\t\t<h5 class=\"elementor-heading-title elementor-size-default\">Allgemeiner Ort f\u00fcr Hilfe<\/h5>\t\t<\/div>\n\t\t\t\t<\/div>\n\t\t\t\t<div class=\"elementor-element elementor-element-4370b06 elementor-widget elementor-widget-text-editor\" data-id=\"4370b06\" data-element_type=\"widget\" data-widget_type=\"text-editor.default\">\n\t\t\t\t<div class=\"elementor-widget-container\">\n\t\t\t\t\t\t\t<ul>\n \t<li><a href=\"https:\/\/docs.nkn.org\/\">Entwicklerdokumentation<\/a><\/li>\n \t<li><a href=\"https:\/\/discord.gg\/Cn6pF4\">Discord<\/a><\/li>\n \t<li><a href=\"https:\/\/forum.nkn.org\">Forum<\/a><\/li>\n<\/ul>\t\t\t\t\t\t<\/div>\n\t\t\t\t<\/div>\n\t\t\t\t\t<\/div>\n\t\t<\/div>\n\t\t\t\t\t<\/div>\n\t\t<\/section>\n\t\t\t\t\t<\/div>\n\t\t<\/div>\n\t\t\t\t\t<\/div>\n\t\t<\/section>\n\t\t\t\t<section class=\"elementor-section elementor-top-section elementor-element elementor-element-4a1942b elementor-section-boxed elementor-section-height-default elementor-section-height-default\" data-id=\"4a1942b\" data-element_type=\"section\">\n\t\t\t\t\t\t<div class=\"elementor-container elementor-column-gap-default\">\n\t\t\t\t\t<div class=\"elementor-column elementor-col-100 elementor-top-column elementor-element elementor-element-482817f\" data-id=\"482817f\" data-element_type=\"column\">\n\t\t\t<div class=\"elementor-widget-wrap\">\n\t\t\t\t\t\t\t<\/div>\n\t\t<\/div>\n\t\t\t\t\t<\/div>\n\t\t<\/section>\n\t\t\t\t<\/div>\n\t\t","protected":false},"excerpt":{"rendered":"<p>Alles was du brauchst, um NKN in deinem n\u00e4chsten Projekt zu verwenden Wie du wahrscheinlich bereits weist m\u00f6chten wir, dass NKN so einfach wie m\u00f6glich zu verwenden ist. Aus diesem Grund haben wir unseren Code so geschrieben, dass er leicht adaptiert werden kann. NKN ist ein Projekt, das von Entwicklern f\u00fcr Entwickler erstellt wurde. Alles [&hellip;]<\/p>\n","protected":false},"author":1,"featured_media":0,"parent":5183,"menu_order":0,"comment_status":"closed","ping_status":"closed","template":"","meta":{"inline_featured_image":false},"acf":[],"_links":{"self":[{"href":"https:\/\/nkn.org\/de\/wp-json\/wp\/v2\/pages\/5269"}],"collection":[{"href":"https:\/\/nkn.org\/de\/wp-json\/wp\/v2\/pages"}],"about":[{"href":"https:\/\/nkn.org\/de\/wp-json\/wp\/v2\/types\/page"}],"author":[{"embeddable":true,"href":"https:\/\/nkn.org\/de\/wp-json\/wp\/v2\/users\/1"}],"replies":[{"embeddable":true,"href":"https:\/\/nkn.org\/de\/wp-json\/wp\/v2\/comments?post=5269"}],"version-history":[{"count":17,"href":"https:\/\/nkn.org\/de\/wp-json\/wp\/v2\/pages\/5269\/revisions"}],"predecessor-version":[{"id":6589,"href":"https:\/\/nkn.org\/de\/wp-json\/wp\/v2\/pages\/5269\/revisions\/6589"}],"up":[{"embeddable":true,"href":"https:\/\/nkn.org\/de\/wp-json\/wp\/v2\/pages\/5183"}],"wp:attachment":[{"href":"https:\/\/nkn.org\/de\/wp-json\/wp\/v2\/media?parent=5269"}],"curies":[{"name":"wp","href":"https:\/\/api.w.org\/{rel}","templated":true}]}}