{"id":5138,"date":"2020-11-26T17:43:50","date_gmt":"2020-11-26T17:43:50","guid":{"rendered":"https:\/\/nkn.nknx.org\/?page_id=5138"},"modified":"2020-11-26T18:12:04","modified_gmt":"2020-11-26T18:12:04","slug":"unsere-loesung","status":"publish","type":"page","link":"https:\/\/nkn.org\/de\/technologie\/unsere-loesung\/","title":{"rendered":"Unsere L\u00f6sung"},"content":{"rendered":"\t\t<div data-elementor-type=\"wp-page\" data-elementor-id=\"5138\" class=\"elementor elementor-5138 elementor-2656\">\n\t\t\t\t\t\t<section class=\"elementor-section elementor-top-section elementor-element elementor-element-75b4511 elementor-section-boxed elementor-section-height-default elementor-section-height-default\" data-id=\"75b4511\" data-element_type=\"section\">\n\t\t\t\t\t\t<div class=\"elementor-container elementor-column-gap-default\">\n\t\t\t\t\t<div class=\"elementor-column elementor-col-100 elementor-top-column elementor-element elementor-element-b3cd876\" data-id=\"b3cd876\" data-element_type=\"column\">\n\t\t\t<div class=\"elementor-widget-wrap elementor-element-populated\">\n\t\t\t\t\t\t<div class=\"elementor-element elementor-element-1c262fb elementor-widget elementor-widget-section_title\" data-id=\"1c262fb\" data-element_type=\"widget\" data-widget_type=\"section_title.default\">\n\t\t\t\t<div class=\"elementor-widget-container\">\n\t\t\t\n<div class=\"text-left iq-title-box iq-title-default iq-title-box-2\">\n\t<div class=\"iq-title-icon\">\n\t\t\t<\/div>\n\t\n\t<h2 class=\"iq-title\" >\n\t\tEin tiefer Einblick in das New Kind of Network\t<\/h2>\n\t\t\n\t<p class=\"iq-title-desc\">Du wei\u00dft wahrscheinlich bereits, dass unser Internet einige fundamentale Probleme in Bezug auf Struktur, Nutzung und Zentralisierung hat. Lass uns zun\u00e4chst die drei wichtigsten L\u00f6sungen analysieren, die NKN entwickelt hat, um diese Probleme zu addressieren:\n<\/p><\/div>\n\n\t\t<\/div>\n\t\t\t\t<\/div>\n\t\t\t\t\t<\/div>\n\t\t<\/div>\n\t\t\t\t\t<\/div>\n\t\t<\/section>\n\t\t\t\t<section class=\"elementor-section elementor-top-section elementor-element elementor-element-70526bd elementor-section-boxed elementor-section-height-default elementor-section-height-default\" data-id=\"70526bd\" data-element_type=\"section\">\n\t\t\t\t\t\t<div class=\"elementor-container elementor-column-gap-default\">\n\t\t\t\t\t<div class=\"elementor-column elementor-col-33 elementor-top-column elementor-element elementor-element-e78dc86\" data-id=\"e78dc86\" data-element_type=\"column\">\n\t\t\t<div class=\"elementor-widget-wrap elementor-element-populated\">\n\t\t\t\t\t\t<div class=\"elementor-element elementor-element-cf1684a elementor-position-top elementor-widget elementor-widget-image-box\" data-id=\"cf1684a\" data-element_type=\"widget\" data-widget_type=\"image-box.default\">\n\t\t\t\t<div class=\"elementor-widget-container\">\n\t\t\t<div class=\"elementor-image-box-wrapper\"><figure class=\"elementor-image-box-img\"><img fetchpriority=\"high\" decoding=\"async\" width=\"320\" height=\"320\" src=\"https:\/\/nkn.org\/wp-content\/uploads\/2020\/10\/POR.png\" class=\"attachment-full size-full wp-image-2903\" alt=\"\" srcset=\"https:\/\/nkn.org\/wp-content\/uploads\/2020\/10\/POR.png 320w, https:\/\/nkn.org\/wp-content\/uploads\/2020\/10\/POR-300x300.png 300w, https:\/\/nkn.org\/wp-content\/uploads\/2020\/10\/POR-150x150.png 150w, https:\/\/nkn.org\/wp-content\/uploads\/2020\/10\/POR-100x100.png 100w\" sizes=\"(max-width: 320px) 100vw, 320px\" \/><\/figure><div class=\"elementor-image-box-content\"><h4 class=\"elementor-image-box-title\">Struktur: Consensus via Proof of Relay (PoR)<\/h4><p class=\"elementor-image-box-description\">NKN bietet eine sogenannte \"signature chain\" als Relaisnachweis f\u00fcr Knoten. Dies erm\u00f6glicht eine sichere Daten\u00fcbertragung, die nicht nur \u00fcberpr\u00fcfbar, sondern auch nicht manipulierbar oder f\u00e4lschbar ist und gegen Angriffe resistent ist<\/p><\/div><\/div>\t\t<\/div>\n\t\t\t\t<\/div>\n\t\t\t\t\t<\/div>\n\t\t<\/div>\n\t\t\t\t<div class=\"elementor-column elementor-col-33 elementor-top-column elementor-element elementor-element-d8f6f1d\" data-id=\"d8f6f1d\" data-element_type=\"column\">\n\t\t\t<div class=\"elementor-widget-wrap elementor-element-populated\">\n\t\t\t\t\t\t<div class=\"elementor-element elementor-element-cba36f3 elementor-position-top elementor-widget elementor-widget-image-box\" data-id=\"cba36f3\" data-element_type=\"widget\" data-widget_type=\"image-box.default\">\n\t\t\t\t<div class=\"elementor-widget-container\">\n\t\t\t<div class=\"elementor-image-box-wrapper\"><figure class=\"elementor-image-box-img\"><img decoding=\"async\" width=\"320\" height=\"320\" src=\"https:\/\/nkn.org\/wp-content\/uploads\/2020\/10\/DDNT.png\" class=\"attachment-full size-full wp-image-2901\" alt=\"\" srcset=\"https:\/\/nkn.org\/wp-content\/uploads\/2020\/10\/DDNT.png 320w, https:\/\/nkn.org\/wp-content\/uploads\/2020\/10\/DDNT-300x300.png 300w, https:\/\/nkn.org\/wp-content\/uploads\/2020\/10\/DDNT-150x150.png 150w, https:\/\/nkn.org\/wp-content\/uploads\/2020\/10\/DDNT-100x100.png 100w\" sizes=\"(max-width: 320px) 100vw, 320px\" \/><\/figure><div class=\"elementor-image-box-content\"><h4 class=\"elementor-image-box-title\">Nutzung: Dezentralisiertes Data Transmission Network <\/h4><p class=\"elementor-image-box-description\">NKN verwaltet eine dynamische Topologie und Routingeintr\u00e4ge basierend auf einer Chord Distributed Hash Table f\u00fcr Millionen von Knoten und Clients, die jederzeit dem Netzwerk beitreten und es verlassen k\u00f6nnen. Eindeutige IDs werden zur Identifizierung von  Clients verwendet. Daten k\u00f6nnen ohne zentralisierte Server effizient von Client zu Client \u00fcbertragen werden.\n<\/p><\/div><\/div>\t\t<\/div>\n\t\t\t\t<\/div>\n\t\t\t\t\t<\/div>\n\t\t<\/div>\n\t\t\t\t<div class=\"elementor-column elementor-col-33 elementor-top-column elementor-element elementor-element-152f6f6\" data-id=\"152f6f6\" data-element_type=\"column\">\n\t\t\t<div class=\"elementor-widget-wrap elementor-element-populated\">\n\t\t\t\t\t\t<div class=\"elementor-element elementor-element-7ed42d2 elementor-position-top elementor-widget elementor-widget-image-box\" data-id=\"7ed42d2\" data-element_type=\"widget\" data-widget_type=\"image-box.default\">\n\t\t\t\t<div class=\"elementor-widget-container\">\n\t\t\t<div class=\"elementor-image-box-wrapper\"><figure class=\"elementor-image-box-img\"><img decoding=\"async\" width=\"320\" height=\"318\" src=\"https:\/\/nkn.org\/wp-content\/uploads\/2020\/10\/Scalable.png\" class=\"attachment-full size-full wp-image-2902\" alt=\"\" srcset=\"https:\/\/nkn.org\/wp-content\/uploads\/2020\/10\/Scalable.png 320w, https:\/\/nkn.org\/wp-content\/uploads\/2020\/10\/Scalable-300x298.png 300w, https:\/\/nkn.org\/wp-content\/uploads\/2020\/10\/Scalable-150x150.png 150w, https:\/\/nkn.org\/wp-content\/uploads\/2020\/10\/Scalable-100x100.png 100w\" sizes=\"(max-width: 320px) 100vw, 320px\" \/><\/figure><div class=\"elementor-image-box-content\"><h4 class=\"elementor-image-box-title\">Dezentralisierung: MOCA - ein hoch skalierbarer consensus<\/h4><p class=\"elementor-image-box-description\">NKN hat einen hoch skalierbaren Konsensalgorithmus namens \"Major Vote Cellular Automata\", kurz (MOCA) entwickelt, welcher auf dem Cellular Automata-\/Ising-Modell basiert und ihn in unserem Blockchain- und Peer-to-Peer-Netzwerk der n\u00e4chsten Generation \u00fcber Millionen von Knoten implementiert.\n<\/p><\/div><\/div>\t\t<\/div>\n\t\t\t\t<\/div>\n\t\t\t\t\t<\/div>\n\t\t<\/div>\n\t\t\t\t\t<\/div>\n\t\t<\/section>\n\t\t\t\t<section class=\"elementor-section elementor-top-section elementor-element elementor-element-3ceb13c elementor-section-boxed elementor-section-height-default elementor-section-height-default\" data-id=\"3ceb13c\" data-element_type=\"section\">\n\t\t\t\t\t\t<div class=\"elementor-container elementor-column-gap-default\">\n\t\t\t\t\t<div class=\"elementor-column elementor-col-50 elementor-top-column elementor-element elementor-element-b8601dc\" data-id=\"b8601dc\" data-element_type=\"column\">\n\t\t\t<div class=\"elementor-widget-wrap elementor-element-populated\">\n\t\t\t\t\t\t<div class=\"elementor-element elementor-element-32e13cb elementor-widget elementor-widget-section_title\" data-id=\"32e13cb\" data-element_type=\"widget\" data-widget_type=\"section_title.default\">\n\t\t\t\t<div class=\"elementor-widget-container\">\n\t\t\t\n<div class=\"text-left iq-title-box iq-title-default iq-title-box-2\">\n\t<div class=\"iq-title-icon\">\n\t\t\t<\/div>\n\t\n\t<h2 class=\"iq-title\" >\n\t\tNKN im t\u00e4glichen Leben\t<\/h2>\n\t\t\n\t<p class=\"iq-title-desc\">Die obigen theoretischen Dinge sind dir dann doch zu kompliziert und du m\u00f6chtest wissen, was NKN in deinem Alltag in einer leicht verst\u00e4ndlichen Sprache tun kann? Dann schaue dir unser Einf\u00fchrungsvideo in Englisch an!\n<\/p><\/div>\n\n\t\t<\/div>\n\t\t\t\t<\/div>\n\t\t\t\t\t<\/div>\n\t\t<\/div>\n\t\t\t\t<div class=\"elementor-column elementor-col-50 elementor-top-column elementor-element elementor-element-9423ff7\" data-id=\"9423ff7\" data-element_type=\"column\">\n\t\t\t<div class=\"elementor-widget-wrap elementor-element-populated\">\n\t\t\t\t\t\t<div class=\"elementor-element elementor-element-b431806 elementor-widget elementor-widget-video\" data-id=\"b431806\" data-element_type=\"widget\" data-settings=\"{&quot;youtube_url&quot;:&quot;https:\\\/\\\/www.youtube.com\\\/watch?v=INm-DZcCH4k&quot;,&quot;video_type&quot;:&quot;youtube&quot;,&quot;controls&quot;:&quot;yes&quot;}\" data-widget_type=\"video.default\">\n\t\t\t\t<div class=\"elementor-widget-container\">\n\t\t\t\t\t<div class=\"elementor-wrapper elementor-open-inline\">\n\t\t\t<div class=\"elementor-video\"><\/div>\t\t<\/div>\n\t\t\t\t<\/div>\n\t\t\t\t<\/div>\n\t\t\t\t\t<\/div>\n\t\t<\/div>\n\t\t\t\t\t<\/div>\n\t\t<\/section>\n\t\t\t\t<section class=\"elementor-section elementor-top-section elementor-element elementor-element-c450f54 elementor-section-boxed elementor-section-height-default elementor-section-height-default\" data-id=\"c450f54\" data-element_type=\"section\">\n\t\t\t\t\t\t<div class=\"elementor-container elementor-column-gap-default\">\n\t\t\t\t\t<div class=\"elementor-column elementor-col-100 elementor-top-column elementor-element elementor-element-cce05ae\" data-id=\"cce05ae\" data-element_type=\"column\">\n\t\t\t<div class=\"elementor-widget-wrap elementor-element-populated\">\n\t\t\t\t\t\t<div class=\"elementor-element elementor-element-b66ce97 elementor-widget elementor-widget-text-editor\" data-id=\"b66ce97\" data-element_type=\"widget\" data-widget_type=\"text-editor.default\">\n\t\t\t\t<div class=\"elementor-widget-container\">\n\t\t\t\t\t\t\t<p>Du ben\u00f6tigst noch weitere Informationen? Dann besuche doch einfach unseren <a href=\"https:\/\/nkn.org\/de\/technologie\/whitepaper-essays\/\">Whitepaper- und Essays-Bereich<\/a>! Alle Informationen sind in mehreren Sprachen verf\u00fcgbar, sodass es keine Sprachbarriere gibt, die dich daran hindert, die ben\u00f6tigten Informationen zu erhalten.<\/p>\t\t\t\t\t\t<\/div>\n\t\t\t\t<\/div>\n\t\t\t\t\t<\/div>\n\t\t<\/div>\n\t\t\t\t\t<\/div>\n\t\t<\/section>\n\t\t\t\t<\/div>\n\t\t","protected":false},"excerpt":{"rendered":"<p>Ein tiefer Einblick in das New Kind of Network Du wei\u00dft wahrscheinlich bereits, dass unser Internet einige fundamentale Probleme in Bezug auf Struktur, Nutzung und Zentralisierung hat. Lass uns zun\u00e4chst die drei wichtigsten L\u00f6sungen analysieren, die NKN entwickelt hat, um diese Probleme zu addressieren: Struktur: Consensus via Proof of Relay (PoR) NKN bietet eine sogenannte [&hellip;]<\/p>\n","protected":false},"author":1,"featured_media":0,"parent":5091,"menu_order":1,"comment_status":"closed","ping_status":"closed","template":"","meta":{"inline_featured_image":false},"acf":[],"_links":{"self":[{"href":"https:\/\/nkn.org\/de\/wp-json\/wp\/v2\/pages\/5138"}],"collection":[{"href":"https:\/\/nkn.org\/de\/wp-json\/wp\/v2\/pages"}],"about":[{"href":"https:\/\/nkn.org\/de\/wp-json\/wp\/v2\/types\/page"}],"author":[{"embeddable":true,"href":"https:\/\/nkn.org\/de\/wp-json\/wp\/v2\/users\/1"}],"replies":[{"embeddable":true,"href":"https:\/\/nkn.org\/de\/wp-json\/wp\/v2\/comments?post=5138"}],"version-history":[{"count":13,"href":"https:\/\/nkn.org\/de\/wp-json\/wp\/v2\/pages\/5138\/revisions"}],"predecessor-version":[{"id":5169,"href":"https:\/\/nkn.org\/de\/wp-json\/wp\/v2\/pages\/5138\/revisions\/5169"}],"up":[{"embeddable":true,"href":"https:\/\/nkn.org\/de\/wp-json\/wp\/v2\/pages\/5091"}],"wp:attachment":[{"href":"https:\/\/nkn.org\/de\/wp-json\/wp\/v2\/media?parent=5138"}],"curies":[{"name":"wp","href":"https:\/\/api.w.org\/{rel}","templated":true}]}}