{"id":5093,"date":"2020-11-26T16:10:43","date_gmt":"2020-11-26T16:10:43","guid":{"rendered":"https:\/\/nkn.nknx.org\/?page_id=5093"},"modified":"2020-11-26T18:18:45","modified_gmt":"2020-11-26T18:18:45","slug":"probleme-des-heutigen-internets","status":"publish","type":"page","link":"https:\/\/nkn.org\/de\/technologie\/probleme-des-heutigen-internets\/","title":{"rendered":"Probleme des heutigen Internets"},"content":{"rendered":"\t\t<div data-elementor-type=\"wp-page\" data-elementor-id=\"5093\" class=\"elementor elementor-5093 elementor-2653\">\n\t\t\t\t\t\t<section class=\"elementor-section elementor-top-section elementor-element elementor-element-18793fb elementor-section-boxed elementor-section-height-default elementor-section-height-default\" data-id=\"18793fb\" data-element_type=\"section\">\n\t\t\t\t\t\t<div class=\"elementor-container elementor-column-gap-default\">\n\t\t\t\t\t<div class=\"elementor-column elementor-col-100 elementor-top-column elementor-element elementor-element-53e7606\" data-id=\"53e7606\" data-element_type=\"column\">\n\t\t\t<div class=\"elementor-widget-wrap elementor-element-populated\">\n\t\t\t\t\t\t<div class=\"elementor-element elementor-element-c2eda8a elementor-widget elementor-widget-section_title\" data-id=\"c2eda8a\" data-element_type=\"widget\" data-widget_type=\"section_title.default\">\n\t\t\t\t<div class=\"elementor-widget-container\">\n\t\t\t\n<div class=\"text-left iq-title-box iq-title-default iq-title-box-2\">\n\t<div class=\"iq-title-icon\">\n\t\t\t<\/div>\n\t\n\t<h2 class=\"iq-title\" >\n\t\tDas aktuelle Internet hat ein paar tiefgreifende Probleme\t<\/h2>\n\t\t\n\t<\/div>\n\n\t\t<\/div>\n\t\t\t\t<\/div>\n\t\t\t\t<div class=\"elementor-element elementor-element-f196b79 elementor-widget elementor-widget-text-editor\" data-id=\"f196b79\" data-element_type=\"widget\" data-widget_type=\"text-editor.default\">\n\t\t\t\t<div class=\"elementor-widget-container\">\n\t\t\t\t\t\t\t<p>Nach Jahren der Transmutation besteht die Gefahr, dass das Internet seine urspr\u00fcngliche Vision und Geist verliert. Die Netzwerkneutralit\u00e4t aufgehoben &#8211; Spektrum und Bandbreite werden nicht effizient genutzt, Informationen zensiert werden und dem Schutz der Privatsph\u00e4re sind Grenzen gesetzt. All dies signalisiert, dass das Internet reformiert werden muss. Jedoch sind bereits bestehende L\u00f6sungen nicht f\u00fcr Blockchain-Systeme der n\u00e4chsten Generation geeignet:<\/p><ul class=\"iq-list-with-icon\"><li><i class=\"ion ion-checkmark-round main-color\" style=\"color: #dd5227;\"><\/i>Sie verwenden einen zentralisierten Ansatz um Effizienz zu verbessern<\/li><li><i class=\"ion ion-checkmark-round main-color\" style=\"color: #dd5227;\"><\/i>Sie opfern die Skalierbarkeit des Netzwerks, um den Konsens zu beschleunigen.<\/li><li><i class=\"ion ion-checkmark-round main-color\" style=\"color: #dd5227;\"><\/i>&#8222;Sicherheit&#8220; geben einige ausgew\u00e4hlte Zertifizierungsstellen, andere sind davon ausgeschlossen.<\/li><li><i class=\"ion ion-checkmark-round main-color\" style=\"color: #dd5227;\"><\/i>Sie verwenden rein finanzielle Motivationen oder vertrauensw\u00fcrdige Dritte, um Probleme zu l\u00f6sen, die durch Mathematik und Technologie gel\u00f6st werden sollten.<\/li><\/ul>\t\t\t\t\t\t<\/div>\n\t\t\t\t<\/div>\n\t\t\t\t<div class=\"elementor-element elementor-element-a9085bc elementor-widget elementor-widget-iqonic_Tabs\" data-id=\"a9085bc\" data-element_type=\"widget\" data-widget_type=\"iqonic_Tabs.default\">\n\t\t\t\t<div class=\"elementor-widget-container\">\n\t\t\t\n<div class=\"iq-tabs iq-tab-vertical-2 \">\n    <div class=\"row \">\n        <div class=\"col-lg-4\">\n            <ul class=\"nav nav-pills\" id=\"pills-tab\" role=\"tablist\">\n                <li class=\"nav-item\">\n\n                    <a class=\"nav-link active\" data-toggle=\"pill\" href=\"#tabs-096\" role=\"tab\">\n                      <div class=\"media\"><img decoding=\"async\" src=\"https:\/\/nkn.org\/wp-content\/uploads\/2020\/10\/01-01.png\" title=\"01-01\" alt=\"01-01\" loading=\"lazy\" \/><div class=\"media-body\">\n                            <h6 class=\"tab-title\">Die Struktur<\/h6><p class=\"mb-0 tab-title-desc\">ist ineffizient<\/p><\/div><\/div>\n                    <\/a>\n                <\/li><li class=\"nav-item\">\n\n                    <a class=\"nav-link \" data-toggle=\"pill\" href=\"#tabs-196\" role=\"tab\">\n                      <div class=\"media\"><img decoding=\"async\" src=\"https:\/\/nkn.org\/wp-content\/uploads\/2020\/10\/01-02.png\" title=\"01-02\" alt=\"01-02\" loading=\"lazy\" \/><div class=\"media-body\">\n                            <h6 class=\"tab-title\">Die Nutzung<\/h6><p class=\"mb-0 tab-title-desc\">verschwendet Ressourcen<\/p><\/div><\/div>\n                    <\/a>\n                <\/li><li class=\"nav-item\">\n\n                    <a class=\"nav-link \" data-toggle=\"pill\" href=\"#tabs-296\" role=\"tab\">\n                      <div class=\"media\"><img decoding=\"async\" src=\"https:\/\/nkn.org\/wp-content\/uploads\/2020\/10\/01-03.png\" title=\"01-03\" alt=\"01-03\" loading=\"lazy\" \/><div class=\"media-body\">\n                            <h6 class=\"tab-title\">Die Zentralisierung<\/h6><p class=\"mb-0 tab-title-desc\">reduziert Vertrauen<\/p><\/div><\/div>\n                    <\/a>\n                <\/li>            <\/ul>\n        <\/div>\n        <div class=\"col-lg-8\">\n            <div class=\"tab-content\">\n                <div class=\"tab-pane active\" id=\"tabs-096\" role=\"tabpanel\">\n                    <div><h5 class=\"why-title\"><span data-v-7c2ffd67=\"\" data-v-0dc27c2a=\"\">Das Client-Server-Modell ist teuer, komplex und anf\u00e4llig f\u00fcr Fehler und Angriffe<\/span><\/h5><div data-v-0dc27c2a=\"\">\u00a0<\/div><div class=\"why-content\" data-v-0dc27c2a=\"\"><span data-v-7c2ffd67=\"\" data-v-0dc27c2a=\"\">Heutzutage muss der Kerninhalt einer digitalen Kommunikation \u00fcber einen zentralen Server erfolgen, auf dem sie blockiert, sabotiert, gehackt oder abgeh\u00f6rt werden kann.<\/span><\/div><\/div>\n                  <\/div><div class=\"tab-pane \" id=\"tabs-196\" role=\"tabpanel\">\n                    <div><h5 class=\"why-title\"><span data-v-7c2ffd67=\"\" data-v-0dc27c2a=\"\">Ineffiziente Netzwerkauslastung f\u00fchrt zu Ressourcenverschwendung<\/span><\/h5><div data-v-0dc27c2a=\"\">\u00a0<\/div><div class=\"why-content\" data-v-0dc27c2a=\"\"><span data-v-7c2ffd67=\"\" data-v-0dc27c2a=\"\">Das aktuelle Internet wurde f\u00fcr Lastspitzen entwickelt, aber das Gegenteil ist der Fall. Die meiste Zeit sind diese Netzwerke nicht ausgelastet und verschwenden jede Sekunde nicht genutzte Bandbreite.<br \/><\/span><\/div><div data-v-0dc27c2a=\"\">\u00a0<\/div><\/div>\n                  <\/div><div class=\"tab-pane \" id=\"tabs-296\" role=\"tabpanel\">\n                    <div><h5 class=\"why-title\"><span data-v-7c2ffd67=\"\" data-v-0dc27c2a=\"\">Die Zentralisierung des Internets verringert das Vertrauen<br \/><\/span><\/h5><div data-v-0dc27c2a=\"\">\u00a0<\/div><div class=\"why-content\" data-v-0dc27c2a=\"\"><span data-v-7c2ffd67=\"\" data-v-0dc27c2a=\"\">Viele gro\u00dfe Internet-Projekte verwenden zentral gesteuerte Server um Informationen schnell zu aggregieren und abrufbar zu halten. Dies mindert das Vertrauen in die L\u00f6sung und die Sicherheit des Besuchers.<\/span><\/div><\/div>\n                  <\/div>            <\/div>\n        <\/div>    \n <\/div>\n<\/div>\n\t\t<\/div>\n\t\t\t\t<\/div>\n\t\t\t\t\t<\/div>\n\t\t<\/div>\n\t\t\t\t\t<\/div>\n\t\t<\/section>\n\t\t\t\t<section class=\"elementor-section elementor-top-section elementor-element elementor-element-e88f41b elementor-section-boxed elementor-section-height-default elementor-section-height-default\" data-id=\"e88f41b\" data-element_type=\"section\">\n\t\t\t\t\t\t<div class=\"elementor-container elementor-column-gap-default\">\n\t\t\t\t\t<div class=\"elementor-column elementor-col-100 elementor-top-column elementor-element elementor-element-c7e95f6\" data-id=\"c7e95f6\" data-element_type=\"column\">\n\t\t\t<div class=\"elementor-widget-wrap elementor-element-populated\">\n\t\t\t\t\t\t<div class=\"elementor-element elementor-element-330bc03 elementor-widget elementor-widget-text-editor\" data-id=\"330bc03\" data-element_type=\"widget\" data-widget_type=\"text-editor.default\">\n\t\t\t\t<div class=\"elementor-widget-container\">\n\t\t\t\t\t\t\t<p>Das Ziel von NKN ist es, all diese Probleme zu l\u00f6sen. Mit einer dezentrale Blockchain-Architektur und einer auf &#8222;cellular automata&#8220; basierenden Netzwerktopologie stellen wir eine L\u00f6sung auf dem neuesten Stand der Technik bereit. Wie wir das schaffen? Das lernst du, wenn du dir <a href=\"https:\/\/nkn.org\/de\/technologie\/unsere-loesung\/\">unsere L\u00f6sung<\/a> genauer anschaust!<\/p>\t\t\t\t\t\t<\/div>\n\t\t\t\t<\/div>\n\t\t\t\t\t<\/div>\n\t\t<\/div>\n\t\t\t\t\t<\/div>\n\t\t<\/section>\n\t\t\t\t<\/div>\n\t\t","protected":false},"excerpt":{"rendered":"<p>Wusstest du es schon? Das aktuelle Internet hat ein paar tiefgreifende Probleme Nach Jahren der Transmutation besteht die Gefahr, dass das Internet seine urspr\u00fcngliche Vision und Geist verliert. Die Netzwerkneutralit\u00e4t aufgehoben &#8211; Spektrum und Bandbreite werden nicht effizient genutzt, Informationen zensiert werden und dem Schutz der Privatsph\u00e4re sind Grenzen gesetzt. All dies signalisiert, dass das [&hellip;]<\/p>\n","protected":false},"author":1,"featured_media":0,"parent":5091,"menu_order":0,"comment_status":"closed","ping_status":"closed","template":"","meta":{"inline_featured_image":false},"acf":[],"_links":{"self":[{"href":"https:\/\/nkn.org\/de\/wp-json\/wp\/v2\/pages\/5093"}],"collection":[{"href":"https:\/\/nkn.org\/de\/wp-json\/wp\/v2\/pages"}],"about":[{"href":"https:\/\/nkn.org\/de\/wp-json\/wp\/v2\/types\/page"}],"author":[{"embeddable":true,"href":"https:\/\/nkn.org\/de\/wp-json\/wp\/v2\/users\/1"}],"replies":[{"embeddable":true,"href":"https:\/\/nkn.org\/de\/wp-json\/wp\/v2\/comments?post=5093"}],"version-history":[{"count":24,"href":"https:\/\/nkn.org\/de\/wp-json\/wp\/v2\/pages\/5093\/revisions"}],"predecessor-version":[{"id":5182,"href":"https:\/\/nkn.org\/de\/wp-json\/wp\/v2\/pages\/5093\/revisions\/5182"}],"up":[{"embeddable":true,"href":"https:\/\/nkn.org\/de\/wp-json\/wp\/v2\/pages\/5091"}],"wp:attachment":[{"href":"https:\/\/nkn.org\/de\/wp-json\/wp\/v2\/media?parent=5093"}],"curies":[{"name":"wp","href":"https:\/\/api.w.org\/{rel}","templated":true}]}}